{"id":27,"date":"2016-01-11T21:58:35","date_gmt":"2016-01-11T20:58:35","guid":{"rendered":"http:\/\/juliengilles-ski.com\/ski\/?page_id=27"},"modified":"2016-01-12T18:47:12","modified_gmt":"2016-01-12T17:47:12","slug":"contact","status":"publish","type":"page","link":"https:\/\/juliengilles-ski.com\/ski\/fr\/contact\/","title":{"rendered":"Contact et r\u00e9servations"},"content":{"rendered":"<h2><img loading=\"lazy\" decoding=\"async\" class=\"aligncenter wp-image-56 size-full\" src=\"https:\/\/juliengilles-ski.com\/ski\/wp-content\/uploads\/2016\/01\/Carte_de_visite_2015_v6_800px.png\" alt=\"Carte_de_visite_2015_v6_800px\" width=\"800\" height=\"527\" srcset=\"https:\/\/juliengilles-ski.com\/ski\/wp-content\/uploads\/2016\/01\/Carte_de_visite_2015_v6_800px.png 800w, https:\/\/juliengilles-ski.com\/ski\/wp-content\/uploads\/2016\/01\/Carte_de_visite_2015_v6_800px-300x198.png 300w, https:\/\/juliengilles-ski.com\/ski\/wp-content\/uploads\/2016\/01\/Carte_de_visite_2015_v6_800px-768x506.png 768w, https:\/\/juliengilles-ski.com\/ski\/wp-content\/uploads\/2016\/01\/Carte_de_visite_2015_v6_800px-600x395.png 600w\" sizes=\"auto, (max-width: 800px) 100vw, 800px\" \/><\/h2>\n<p>&nbsp;<\/p>\n<p>Vous pouvez me contacter par e-mail ou par t\u00e9l\u00e9phone pour toute question ou r\u00e9servation :<\/p>\n<p>+33 (0) 6 50 23 90 04<\/p>\n<p><a href=\"mailto:contact@juliengilles-ski.com\">contact@juliengilles-ski.com<\/a><\/p>\n<p>Vous pouvez aussi r\u00e9server par t\u00e9l\u00e9phone directement via le bureau de l&rsquo;ESF de l&rsquo;Alpe d&rsquo;Huez au num\u00e9ro suivant :<\/p>\n<p>+33 (0) 4 76 80 31 69<\/p>\n","protected":false},"excerpt":{"rendered":"<p>&nbsp; Vous pouvez me contacter par e-mail ou par t\u00e9l\u00e9phone pour toute question ou r\u00e9servation : +33 (0) 6 50 23 90 04 contact@juliengilles-ski.com Vous pouvez aussi r\u00e9server par t\u00e9l\u00e9phone directement via le bureau de l&rsquo;ESF de l&rsquo;Alpe d&rsquo;Huez au &#8230; <a class=\"more-link\" href=\"https:\/\/juliengilles-ski.com\/ski\/fr\/contact\/\">Read More &raquo;<\/a><\/p>\n","protected":false},"author":1,"featured_media":0,"parent":0,"menu_order":0,"comment_status":"closed","ping_status":"closed","template":"","meta":{"footnotes":""},"class_list":["post-27","page","type-page","status-publish","hentry"],"_links":{"self":[{"href":"https:\/\/juliengilles-ski.com\/ski\/wp-json\/wp\/v2\/pages\/27","targetHints":{"allow":["GET"]}}],"collection":[{"href":"https:\/\/juliengilles-ski.com\/ski\/wp-json\/wp\/v2\/pages"}],"about":[{"href":"https:\/\/juliengilles-ski.com\/ski\/wp-json\/wp\/v2\/types\/page"}],"author":[{"embeddable":true,"href":"https:\/\/juliengilles-ski.com\/ski\/wp-json\/wp\/v2\/users\/1"}],"replies":[{"embeddable":true,"href":"https:\/\/juliengilles-ski.com\/ski\/wp-json\/wp\/v2\/comments?post=27"}],"version-history":[{"count":5,"href":"https:\/\/juliengilles-ski.com\/ski\/wp-json\/wp\/v2\/pages\/27\/revisions"}],"predecessor-version":[{"id":59,"href":"https:\/\/juliengilles-ski.com\/ski\/wp-json\/wp\/v2\/pages\/27\/revisions\/59"}],"wp:attachment":[{"href":"https:\/\/juliengilles-ski.com\/ski\/wp-json\/wp\/v2\/media?parent=27"}],"curies":[{"name":"wp","href":"https:\/\/api.w.org\/{rel}","templated":true}]}}